{"id":2,"date":"2022-03-08T12:39:00","date_gmt":"2022-03-08T11:39:00","guid":{"rendered":"http:\/\/auftragsgriller.projekt.zone\/?page_id=2"},"modified":"2022-03-12T14:45:59","modified_gmt":"2022-03-12T13:45:59","slug":"auftragsgriller-leipzig","status":"publish","type":"page","link":"https:\/\/auftragsgriller-leipzig.de\/index.php\/auftragsgriller-leipzig\/","title":{"rendered":"Auftragsgriller No. 1"},"content":{"rendered":"\n<p><strong>Gutes Fleisch &#8211; exzellenter Pitmaster<\/strong><br><\/p>\n\n\n\n<p>Hochwertige Lebensmittel verdienen eine hochwertige Zubereitung. Daher lege ich gr\u00f6\u00dfte Sorgfalt in die Beschaffung und Zubereitung der von mir angebotenen Speisen. Als Auftragsgriller liefere ich meinen G\u00e4sten puren Genuss. Feinsten Grillgenuss!<\/p>\n\n\n\n<figure class=\"wp-block-image size-large is-resized\"><img loading=\"lazy\" decoding=\"async\" src=\"http:\/\/auftragsgriller.projekt.zone\/wp-content\/uploads\/2022\/03\/entrecote-4569656-1-1024x683.jpg\" alt=\"\" class=\"wp-image-117\" width=\"730\" height=\"486\" srcset=\"https:\/\/auftragsgriller-leipzig.de\/wp-content\/uploads\/2022\/03\/entrecote-4569656-1-1024x683.jpg 1024w, https:\/\/auftragsgriller-leipzig.de\/wp-content\/uploads\/2022\/03\/entrecote-4569656-1-300x200.jpg 300w, https:\/\/auftragsgriller-leipzig.de\/wp-content\/uploads\/2022\/03\/entrecote-4569656-1-768x512.jpg 768w, https:\/\/auftragsgriller-leipzig.de\/wp-content\/uploads\/2022\/03\/entrecote-4569656-1-1536x1025.jpg 1536w, https:\/\/auftragsgriller-leipzig.de\/wp-content\/uploads\/2022\/03\/entrecote-4569656-1-2048x1367.jpg 2048w, https:\/\/auftragsgriller-leipzig.de\/wp-content\/uploads\/2022\/03\/entrecote-4569656-1-960x640.jpg 960w\" sizes=\"auto, (max-width: 730px) 100vw, 730px\" \/><\/figure>\n\n\n\n<p><\/p>\n","protected":false},"excerpt":{"rendered":"<p>Gutes Fleisch &#8211; exzellenter Pitmaster Hochwertige Lebensmittel verdienen eine hochwertige Zubereitung. Daher lege ich gr\u00f6\u00dfte Sorgfalt in die Beschaffung und Zubereitung der von mir angebotenen Speisen. Als Auftragsgriller liefere ich meinen G\u00e4sten puren Genuss. Feinsten Grillgenuss!<\/p>\n","protected":false},"author":1,"featured_media":0,"parent":0,"menu_order":0,"comment_status":"closed","ping_status":"closed","template":"","meta":{"footnotes":""},"class_list":["post-2","page","type-page","status-publish","hentry"],"_links":{"self":[{"href":"https:\/\/auftragsgriller-leipzig.de\/index.php\/wp-json\/wp\/v2\/pages\/2","targetHints":{"allow":["GET"]}}],"collection":[{"href":"https:\/\/auftragsgriller-leipzig.de\/index.php\/wp-json\/wp\/v2\/pages"}],"about":[{"href":"https:\/\/auftragsgriller-leipzig.de\/index.php\/wp-json\/wp\/v2\/types\/page"}],"author":[{"embeddable":true,"href":"https:\/\/auftragsgriller-leipzig.de\/index.php\/wp-json\/wp\/v2\/users\/1"}],"replies":[{"embeddable":true,"href":"https:\/\/auftragsgriller-leipzig.de\/index.php\/wp-json\/wp\/v2\/comments?post=2"}],"version-history":[{"count":15,"href":"https:\/\/auftragsgriller-leipzig.de\/index.php\/wp-json\/wp\/v2\/pages\/2\/revisions"}],"predecessor-version":[{"id":127,"href":"https:\/\/auftragsgriller-leipzig.de\/index.php\/wp-json\/wp\/v2\/pages\/2\/revisions\/127"}],"wp:attachment":[{"href":"https:\/\/auftragsgriller-leipzig.de\/index.php\/wp-json\/wp\/v2\/media?parent=2"}],"curies":[{"name":"wp","href":"https:\/\/api.w.org\/{rel}","templated":true}]}}